{"id":271,"date":"2025-05-23T16:33:48","date_gmt":"2025-05-23T16:33:48","guid":{"rendered":"https:\/\/ivanwolf.com\/mi-cuenta\/"},"modified":"2025-05-23T16:37:29","modified_gmt":"2025-05-23T16:37:29","slug":"mi-cuenta","status":"publish","type":"page","link":"https:\/\/ivanwolf.com\/es\/mi-cuenta\/","title":{"rendered":"Mi cuenta"},"content":{"rendered":"<div class=\"woocommerce\"><\/div>\n","protected":false},"excerpt":{"rendered":"","protected":false},"author":1,"featured_media":0,"parent":0,"menu_order":0,"comment_status":"closed","ping_status":"closed","template":"","meta":{"_acf_changed":false,"iawp_total_views":2,"footnotes":""},"class_list":["post-271","page","type-page","status-publish","hentry"],"acf":[],"yoast_head":"<!-- This site is optimized with the Yoast SEO plugin v27.3 - https:\/\/yoast.com\/product\/yoast-seo-wordpress\/ -->\n<title>Acceso y Registro en Ivan Wolf - Administra tu Cuenta<\/title>\n<meta name=\"description\" content=\"Inicia sesi\u00f3n o crea tu cuenta en Ivan Wolf para gestionar tus compras y acceder a todos nuestros servicios f\u00e1cilmente. Toda tu informaci\u00f3n est\u00e1 protegida.\" \/>\n<meta name=\"robots\" content=\"index, follow, max-snippet:-1, max-image-preview:large, max-video-preview:-1\" \/>\n<link rel=\"canonical\" href=\"https:\/\/ivanwolf.com\/es\/mi-cuenta\/\" \/>\n<meta property=\"og:locale\" content=\"es_ES\" \/>\n<meta property=\"og:type\" content=\"article\" \/>\n<meta property=\"og:title\" content=\"Acceso y Registro en Ivan Wolf - Administra tu Cuenta\" \/>\n<meta property=\"og:description\" content=\"Inicia sesi\u00f3n o crea tu cuenta en Ivan Wolf para gestionar tus compras y acceder a todos nuestros servicios f\u00e1cilmente. Toda tu informaci\u00f3n est\u00e1 protegida.\" \/>\n<meta property=\"og:url\" content=\"https:\/\/ivanwolf.com\/es\/mi-cuenta\/\" \/>\n<meta property=\"og:site_name\" content=\"Ivan Wolf\" \/>\n<meta property=\"article:modified_time\" content=\"2025-05-23T16:37:29+00:00\" \/>\n<meta name=\"twitter:card\" content=\"summary_large_image\" \/>\n<!-- \/ Yoast SEO plugin. -->","yoast_head_json":{"title":"Acceso y Registro en Ivan Wolf - Administra tu Cuenta","description":"Inicia sesi\u00f3n o crea tu cuenta en Ivan Wolf para gestionar tus compras y acceder a todos nuestros servicios f\u00e1cilmente. Toda tu informaci\u00f3n est\u00e1 protegida.","robots":{"index":"index","follow":"follow","max-snippet":"max-snippet:-1","max-image-preview":"max-image-preview:large","max-video-preview":"max-video-preview:-1"},"canonical":"https:\/\/ivanwolf.com\/es\/mi-cuenta\/","og_locale":"es_ES","og_type":"article","og_title":"Acceso y Registro en Ivan Wolf - Administra tu Cuenta","og_description":"Inicia sesi\u00f3n o crea tu cuenta en Ivan Wolf para gestionar tus compras y acceder a todos nuestros servicios f\u00e1cilmente. Toda tu informaci\u00f3n est\u00e1 protegida.","og_url":"https:\/\/ivanwolf.com\/es\/mi-cuenta\/","og_site_name":"Ivan Wolf","article_modified_time":"2025-05-23T16:37:29+00:00","twitter_card":"summary_large_image","schema":{"@context":"https:\/\/schema.org","@graph":[{"@type":"WebPage","@id":"https:\/\/ivanwolf.com\/es\/mi-cuenta\/","url":"https:\/\/ivanwolf.com\/es\/mi-cuenta\/","name":"Acceso y Registro en Ivan Wolf - Administra tu Cuenta","isPartOf":{"@id":"https:\/\/ivanwolf.com\/es\/#website"},"datePublished":"2025-05-23T16:33:48+00:00","dateModified":"2025-05-23T16:37:29+00:00","description":"Inicia sesi\u00f3n o crea tu cuenta en Ivan Wolf para gestionar tus compras y acceder a todos nuestros servicios f\u00e1cilmente. Toda tu informaci\u00f3n est\u00e1 protegida.","breadcrumb":{"@id":"https:\/\/ivanwolf.com\/es\/mi-cuenta\/#breadcrumb"},"inLanguage":"es","potentialAction":[{"@type":"ReadAction","target":["https:\/\/ivanwolf.com\/es\/mi-cuenta\/"]}]},{"@type":"BreadcrumbList","@id":"https:\/\/ivanwolf.com\/es\/mi-cuenta\/#breadcrumb","itemListElement":[{"@type":"ListItem","position":1,"name":"Portada","item":"https:\/\/ivanwolf.com\/es\/portfolio\/"},{"@type":"ListItem","position":2,"name":"Mi cuenta"}]},{"@type":"WebSite","@id":"https:\/\/ivanwolf.com\/es\/#website","url":"https:\/\/ivanwolf.com\/es\/","name":"Ivan Wolf","description":"","publisher":{"@id":"https:\/\/ivanwolf.com\/es\/#organization"},"potentialAction":[{"@type":"SearchAction","target":{"@type":"EntryPoint","urlTemplate":"https:\/\/ivanwolf.com\/es\/?s={search_term_string}"},"query-input":{"@type":"PropertyValueSpecification","valueRequired":true,"valueName":"search_term_string"}}],"inLanguage":"es"},{"@type":"Organization","@id":"https:\/\/ivanwolf.com\/es\/#organization","name":"Ivan Wolf","url":"https:\/\/ivanwolf.com\/es\/","logo":{"@type":"ImageObject","inLanguage":"es","@id":"https:\/\/ivanwolf.com\/es\/#\/schema\/logo\/image\/","url":"https:\/\/ivanwolf.com\/wp-content\/uploads\/2025\/05\/Leonardo_Phoenix_09_Diseo_de_logotipo_para_Ivan_Wolf_empresa_d_0.jpg","contentUrl":"https:\/\/ivanwolf.com\/wp-content\/uploads\/2025\/05\/Leonardo_Phoenix_09_Diseo_de_logotipo_para_Ivan_Wolf_empresa_d_0.jpg","width":768,"height":768,"caption":"Ivan Wolf"},"image":{"@id":"https:\/\/ivanwolf.com\/es\/#\/schema\/logo\/image\/"}}]}},"_links":{"self":[{"href":"https:\/\/ivanwolf.com\/es\/wp-json\/wp\/v2\/pages\/271","targetHints":{"allow":["GET"]}}],"collection":[{"href":"https:\/\/ivanwolf.com\/es\/wp-json\/wp\/v2\/pages"}],"about":[{"href":"https:\/\/ivanwolf.com\/es\/wp-json\/wp\/v2\/types\/page"}],"author":[{"embeddable":true,"href":"https:\/\/ivanwolf.com\/es\/wp-json\/wp\/v2\/users\/1"}],"replies":[{"embeddable":true,"href":"https:\/\/ivanwolf.com\/es\/wp-json\/wp\/v2\/comments?post=271"}],"version-history":[{"count":1,"href":"https:\/\/ivanwolf.com\/es\/wp-json\/wp\/v2\/pages\/271\/revisions"}],"predecessor-version":[{"id":363,"href":"https:\/\/ivanwolf.com\/es\/wp-json\/wp\/v2\/pages\/271\/revisions\/363"}],"wp:attachment":[{"href":"https:\/\/ivanwolf.com\/es\/wp-json\/wp\/v2\/media?parent=271"}],"curies":[{"name":"wp","href":"https:\/\/api.w.org\/{rel}","templated":true}]}}