{"id":391,"date":"2025-05-23T16:40:35","date_gmt":"2025-05-23T16:40:35","guid":{"rendered":"https:\/\/ivanwolf.com\/producto\/autorretrato-en-impresion-sobria-poster-coleccion\/"},"modified":"2025-06-13T13:48:49","modified_gmt":"2025-06-13T13:48:49","slug":"autorretrato-en-impresion-sobria-poster-coleccion","status":"publish","type":"product","link":"https:\/\/ivanwolf.com\/es\/producto\/autorretrato-en-impresion-sobria-poster-coleccion\/","title":{"rendered":"Autorretrato en Impresi\u00f3n Sobria P\u00f3ster Colecci\u00f3n"},"content":{"rendered":"","protected":false},"excerpt":{"rendered":"<p>Impresi\u00f3n art\u00edstica de autorretrato en diversos tama\u00f1os.<\/p>\n","protected":false},"featured_media":392,"comment_status":"open","ping_status":"closed","template":"","meta":{"_acf_changed":false,"iawp_total_views":1},"marca":[50,49],"product_brand":[],"product_cat":[48],"product_tag":[53,51,52],"class_list":{"0":"post-391","1":"product","2":"type-product","3":"status-publish","4":"has-post-thumbnail","6":"marca-autorretratos","7":"marca-ivan-wolf","8":"product_cat-posters","9":"product_tag-arte","10":"product_tag-fotografia","11":"product_tag-impresiones","13":"first","14":"instock","15":"shipping-taxable","16":"purchasable","17":"product-type-simple"},"acf":[],"yoast_head":"<!-- This site is optimized with the Yoast SEO plugin v27.3 - https:\/\/yoast.com\/product\/yoast-seo-wordpress\/ -->\n<title>Autorretrato en Impresi\u00f3n Sobria | Ivan Wolf<\/title>\n<meta name=\"description\" content=\"Descubre el p\u00f3ster &#039;Autorretrato en Impresi\u00f3n Sobria&#039;. Arte \u00fanico y elegancia a 373,00 \u20ac. Env\u00edo gratis y 100 d\u00edas de devoluci\u00f3n.\" \/>\n<meta name=\"robots\" content=\"index, follow, max-snippet:-1, max-image-preview:large, max-video-preview:-1\" \/>\n<link rel=\"canonical\" href=\"https:\/\/ivanwolf.com\/es\/producto\/autorretrato-en-impresion-sobria-poster-coleccion\/\" \/>\n<meta property=\"og:locale\" content=\"es_ES\" \/>\n<meta property=\"og:type\" content=\"article\" \/>\n<meta property=\"og:title\" content=\"Autorretrato en Impresi\u00f3n Sobria | Ivan Wolf\" \/>\n<meta property=\"og:description\" content=\"Descubre el p\u00f3ster &#039;Autorretrato en Impresi\u00f3n Sobria&#039;. Arte \u00fanico y elegancia a 373,00 \u20ac. Env\u00edo gratis y 100 d\u00edas de devoluci\u00f3n.\" \/>\n<meta property=\"og:url\" content=\"https:\/\/ivanwolf.com\/es\/producto\/autorretrato-en-impresion-sobria-poster-coleccion\/\" \/>\n<meta property=\"og:site_name\" content=\"Ivan Wolf\" \/>\n<meta property=\"article:modified_time\" content=\"2025-06-13T13:48:49+00:00\" \/>\n<meta property=\"og:image\" content=\"https:\/\/ivanwolf.com\/wp-content\/uploads\/2025\/05\/Leonardo_Vision_XL_Renderiza_una_imagen_minimalista_de_un_auto_0.jpg\" \/>\n\t<meta property=\"og:image:width\" content=\"1792\" \/>\n\t<meta property=\"og:image:height\" content=\"1456\" \/>\n\t<meta property=\"og:image:type\" content=\"image\/jpeg\" \/>\n<meta name=\"twitter:card\" content=\"summary_large_image\" \/>\n<!-- \/ Yoast SEO plugin. -->","yoast_head_json":{"title":"Autorretrato en Impresi\u00f3n Sobria | Ivan Wolf","description":"Descubre el p\u00f3ster 'Autorretrato en Impresi\u00f3n Sobria'. Arte \u00fanico y elegancia a 373,00 \u20ac. Env\u00edo gratis y 100 d\u00edas de devoluci\u00f3n.","robots":{"index":"index","follow":"follow","max-snippet":"max-snippet:-1","max-image-preview":"max-image-preview:large","max-video-preview":"max-video-preview:-1"},"canonical":"https:\/\/ivanwolf.com\/es\/producto\/autorretrato-en-impresion-sobria-poster-coleccion\/","og_locale":"es_ES","og_type":"article","og_title":"Autorretrato en Impresi\u00f3n Sobria | Ivan Wolf","og_description":"Descubre el p\u00f3ster 'Autorretrato en Impresi\u00f3n Sobria'. Arte \u00fanico y elegancia a 373,00 \u20ac. Env\u00edo gratis y 100 d\u00edas de devoluci\u00f3n.","og_url":"https:\/\/ivanwolf.com\/es\/producto\/autorretrato-en-impresion-sobria-poster-coleccion\/","og_site_name":"Ivan Wolf","article_modified_time":"2025-06-13T13:48:49+00:00","og_image":[{"width":1792,"height":1456,"url":"https:\/\/ivanwolf.com\/wp-content\/uploads\/2025\/05\/Leonardo_Vision_XL_Renderiza_una_imagen_minimalista_de_un_auto_0.jpg","type":"image\/jpeg"}],"twitter_card":"summary_large_image","schema":{"@context":"https:\/\/schema.org","@graph":[{"@type":"WebPage","@id":"https:\/\/ivanwolf.com\/es\/producto\/autorretrato-en-impresion-sobria-poster-coleccion\/","url":"https:\/\/ivanwolf.com\/es\/producto\/autorretrato-en-impresion-sobria-poster-coleccion\/","name":"Autorretrato en Impresi\u00f3n Sobria | Ivan Wolf","isPartOf":{"@id":"https:\/\/ivanwolf.com\/es\/#website"},"primaryImageOfPage":{"@id":"https:\/\/ivanwolf.com\/es\/producto\/autorretrato-en-impresion-sobria-poster-coleccion\/#primaryimage"},"image":{"@id":"https:\/\/ivanwolf.com\/es\/producto\/autorretrato-en-impresion-sobria-poster-coleccion\/#primaryimage"},"thumbnailUrl":"https:\/\/ivanwolf.com\/wp-content\/uploads\/2025\/05\/Leonardo_Vision_XL_Renderiza_una_imagen_minimalista_de_un_auto_0.jpg","datePublished":"2025-05-23T16:40:35+00:00","dateModified":"2025-06-13T13:48:49+00:00","description":"Descubre el p\u00f3ster 'Autorretrato en Impresi\u00f3n Sobria'. Arte \u00fanico y elegancia a 373,00 \u20ac. Env\u00edo gratis y 100 d\u00edas de devoluci\u00f3n.","breadcrumb":{"@id":"https:\/\/ivanwolf.com\/es\/producto\/autorretrato-en-impresion-sobria-poster-coleccion\/#breadcrumb"},"inLanguage":"es","potentialAction":[{"@type":"ReadAction","target":["https:\/\/ivanwolf.com\/es\/producto\/autorretrato-en-impresion-sobria-poster-coleccion\/"]}]},{"@type":"ImageObject","inLanguage":"es","@id":"https:\/\/ivanwolf.com\/es\/producto\/autorretrato-en-impresion-sobria-poster-coleccion\/#primaryimage","url":"https:\/\/ivanwolf.com\/wp-content\/uploads\/2025\/05\/Leonardo_Vision_XL_Renderiza_una_imagen_minimalista_de_un_auto_0.jpg","contentUrl":"https:\/\/ivanwolf.com\/wp-content\/uploads\/2025\/05\/Leonardo_Vision_XL_Renderiza_una_imagen_minimalista_de_un_auto_0.jpg","width":1792,"height":1456},{"@type":"BreadcrumbList","@id":"https:\/\/ivanwolf.com\/es\/producto\/autorretrato-en-impresion-sobria-poster-coleccion\/#breadcrumb","itemListElement":[{"@type":"ListItem","position":1,"name":"Portada","item":"https:\/\/ivanwolf.com\/es\/portfolio\/"},{"@type":"ListItem","position":2,"name":"Productos","item":"https:\/\/ivanwolf.com\/es\/shop\/"},{"@type":"ListItem","position":3,"name":"Autorretrato en Impresi\u00f3n Sobria P\u00f3ster Colecci\u00f3n"}]},{"@type":"WebSite","@id":"https:\/\/ivanwolf.com\/es\/#website","url":"https:\/\/ivanwolf.com\/es\/","name":"Ivan Wolf","description":"","publisher":{"@id":"https:\/\/ivanwolf.com\/es\/#organization"},"potentialAction":[{"@type":"SearchAction","target":{"@type":"EntryPoint","urlTemplate":"https:\/\/ivanwolf.com\/es\/?s={search_term_string}"},"query-input":{"@type":"PropertyValueSpecification","valueRequired":true,"valueName":"search_term_string"}}],"inLanguage":"es"},{"@type":"Organization","@id":"https:\/\/ivanwolf.com\/es\/#organization","name":"Ivan Wolf","url":"https:\/\/ivanwolf.com\/es\/","logo":{"@type":"ImageObject","inLanguage":"es","@id":"https:\/\/ivanwolf.com\/es\/#\/schema\/logo\/image\/","url":"https:\/\/ivanwolf.com\/wp-content\/uploads\/2025\/05\/Leonardo_Phoenix_09_Diseo_de_logotipo_para_Ivan_Wolf_empresa_d_0.jpg","contentUrl":"https:\/\/ivanwolf.com\/wp-content\/uploads\/2025\/05\/Leonardo_Phoenix_09_Diseo_de_logotipo_para_Ivan_Wolf_empresa_d_0.jpg","width":768,"height":768,"caption":"Ivan Wolf"},"image":{"@id":"https:\/\/ivanwolf.com\/es\/#\/schema\/logo\/image\/"}}]}},"_links":{"self":[{"href":"https:\/\/ivanwolf.com\/es\/wp-json\/wp\/v2\/product\/391","targetHints":{"allow":["GET"]}}],"collection":[{"href":"https:\/\/ivanwolf.com\/es\/wp-json\/wp\/v2\/product"}],"about":[{"href":"https:\/\/ivanwolf.com\/es\/wp-json\/wp\/v2\/types\/product"}],"replies":[{"embeddable":true,"href":"https:\/\/ivanwolf.com\/es\/wp-json\/wp\/v2\/comments?post=391"}],"wp:featuredmedia":[{"embeddable":true,"href":"https:\/\/ivanwolf.com\/es\/wp-json\/wp\/v2\/media\/392"}],"wp:attachment":[{"href":"https:\/\/ivanwolf.com\/es\/wp-json\/wp\/v2\/media?parent=391"}],"wp:term":[{"taxonomy":"marca","embeddable":true,"href":"https:\/\/ivanwolf.com\/es\/wp-json\/wp\/v2\/marca?post=391"},{"taxonomy":"product_brand","embeddable":true,"href":"https:\/\/ivanwolf.com\/es\/wp-json\/wp\/v2\/product_brand?post=391"},{"taxonomy":"product_cat","embeddable":true,"href":"https:\/\/ivanwolf.com\/es\/wp-json\/wp\/v2\/product_cat?post=391"},{"taxonomy":"product_tag","embeddable":true,"href":"https:\/\/ivanwolf.com\/es\/wp-json\/wp\/v2\/product_tag?post=391"}],"curies":[{"name":"wp","href":"https:\/\/api.w.org\/{rel}","templated":true}]}}