{"id":418,"date":"2025-05-23T16:42:57","date_gmt":"2025-05-23T16:42:57","guid":{"rendered":"https:\/\/ivanwolf.com\/producto\/poster-en-tamano-grande-de-autorretrato-exclusivo\/"},"modified":"2025-06-13T13:48:36","modified_gmt":"2025-06-13T13:48:36","slug":"poster-en-tamano-grande-de-autorretrato-exclusivo","status":"publish","type":"product","link":"https:\/\/ivanwolf.com\/es\/producto\/poster-en-tamano-grande-de-autorretrato-exclusivo\/","title":{"rendered":"P\u00f3ster en tama\u00f1o grande de autorretrato exclusivo"},"content":{"rendered":"","protected":false},"excerpt":{"rendered":"<p>Impresiones de autorretratos art\u00edsticos para tu colecci\u00f3n.<\/p>\n","protected":false},"featured_media":419,"comment_status":"open","ping_status":"closed","template":"","meta":{"_acf_changed":false,"iawp_total_views":0},"marca":[59,49],"product_brand":[],"product_cat":[48],"product_tag":[60,51,61],"class_list":{"0":"post-418","1":"product","2":"type-product","3":"status-publish","4":"has-post-thumbnail","6":"marca-fotografo-iw","7":"marca-ivan-wolf","8":"product_cat-posters","9":"product_tag-autorretratos","10":"product_tag-fotografia","11":"product_tag-poster","13":"first","14":"instock","15":"sale","16":"shipping-taxable","17":"purchasable","18":"product-type-simple"},"acf":[],"yoast_head":"<!-- This site is optimized with the Yoast SEO plugin v27.3 - https:\/\/yoast.com\/product\/yoast-seo-wordpress\/ -->\n<title>P\u00f3ster Grande Autorretrato Exclusivo - Ivan Wolf<\/title>\n<meta name=\"description\" content=\"Descubre el impresionante p\u00f3ster en tama\u00f1o grande de autorretrato exclusivo, ahora disponible por 261,25 \u20ac. A\u00f1\u00e1delo a tu colecci\u00f3n con env\u00edo gratis y 100 d\u00edas de devoluci\u00f3n.\" \/>\n<meta name=\"robots\" content=\"index, follow, max-snippet:-1, max-image-preview:large, max-video-preview:-1\" \/>\n<link rel=\"canonical\" href=\"https:\/\/ivanwolf.com\/es\/producto\/poster-en-tamano-grande-de-autorretrato-exclusivo\/\" \/>\n<meta property=\"og:locale\" content=\"es_ES\" \/>\n<meta property=\"og:type\" content=\"article\" \/>\n<meta property=\"og:title\" content=\"P\u00f3ster Grande Autorretrato Exclusivo - Ivan Wolf\" \/>\n<meta property=\"og:description\" content=\"Descubre el impresionante p\u00f3ster en tama\u00f1o grande de autorretrato exclusivo, ahora disponible por 261,25 \u20ac. A\u00f1\u00e1delo a tu colecci\u00f3n con env\u00edo gratis y 100 d\u00edas de devoluci\u00f3n.\" \/>\n<meta property=\"og:url\" content=\"https:\/\/ivanwolf.com\/es\/producto\/poster-en-tamano-grande-de-autorretrato-exclusivo\/\" \/>\n<meta property=\"og:site_name\" content=\"Ivan Wolf\" \/>\n<meta property=\"article:modified_time\" content=\"2025-06-13T13:48:36+00:00\" \/>\n<meta property=\"og:image\" content=\"https:\/\/ivanwolf.com\/wp-content\/uploads\/2025\/05\/Leonardo_Vision_XL_Crear_una_imagen_de_un_pster_grande_de_un_a_0.jpg\" \/>\n\t<meta property=\"og:image:width\" content=\"1792\" \/>\n\t<meta property=\"og:image:height\" content=\"1456\" \/>\n\t<meta property=\"og:image:type\" content=\"image\/jpeg\" \/>\n<meta name=\"twitter:card\" content=\"summary_large_image\" \/>\n<!-- \/ Yoast SEO plugin. -->","yoast_head_json":{"title":"P\u00f3ster Grande Autorretrato Exclusivo - Ivan Wolf","description":"Descubre el impresionante p\u00f3ster en tama\u00f1o grande de autorretrato exclusivo, ahora disponible por 261,25 \u20ac. A\u00f1\u00e1delo a tu colecci\u00f3n con env\u00edo gratis y 100 d\u00edas de devoluci\u00f3n.","robots":{"index":"index","follow":"follow","max-snippet":"max-snippet:-1","max-image-preview":"max-image-preview:large","max-video-preview":"max-video-preview:-1"},"canonical":"https:\/\/ivanwolf.com\/es\/producto\/poster-en-tamano-grande-de-autorretrato-exclusivo\/","og_locale":"es_ES","og_type":"article","og_title":"P\u00f3ster Grande Autorretrato Exclusivo - Ivan Wolf","og_description":"Descubre el impresionante p\u00f3ster en tama\u00f1o grande de autorretrato exclusivo, ahora disponible por 261,25 \u20ac. A\u00f1\u00e1delo a tu colecci\u00f3n con env\u00edo gratis y 100 d\u00edas de devoluci\u00f3n.","og_url":"https:\/\/ivanwolf.com\/es\/producto\/poster-en-tamano-grande-de-autorretrato-exclusivo\/","og_site_name":"Ivan Wolf","article_modified_time":"2025-06-13T13:48:36+00:00","og_image":[{"width":1792,"height":1456,"url":"https:\/\/ivanwolf.com\/wp-content\/uploads\/2025\/05\/Leonardo_Vision_XL_Crear_una_imagen_de_un_pster_grande_de_un_a_0.jpg","type":"image\/jpeg"}],"twitter_card":"summary_large_image","schema":{"@context":"https:\/\/schema.org","@graph":[{"@type":"WebPage","@id":"https:\/\/ivanwolf.com\/es\/producto\/poster-en-tamano-grande-de-autorretrato-exclusivo\/","url":"https:\/\/ivanwolf.com\/es\/producto\/poster-en-tamano-grande-de-autorretrato-exclusivo\/","name":"P\u00f3ster Grande Autorretrato Exclusivo - Ivan Wolf","isPartOf":{"@id":"https:\/\/ivanwolf.com\/es\/#website"},"primaryImageOfPage":{"@id":"https:\/\/ivanwolf.com\/es\/producto\/poster-en-tamano-grande-de-autorretrato-exclusivo\/#primaryimage"},"image":{"@id":"https:\/\/ivanwolf.com\/es\/producto\/poster-en-tamano-grande-de-autorretrato-exclusivo\/#primaryimage"},"thumbnailUrl":"https:\/\/ivanwolf.com\/wp-content\/uploads\/2025\/05\/Leonardo_Vision_XL_Crear_una_imagen_de_un_pster_grande_de_un_a_0.jpg","datePublished":"2025-05-23T16:42:57+00:00","dateModified":"2025-06-13T13:48:36+00:00","description":"Descubre el impresionante p\u00f3ster en tama\u00f1o grande de autorretrato exclusivo, ahora disponible por 261,25 \u20ac. A\u00f1\u00e1delo a tu colecci\u00f3n con env\u00edo gratis y 100 d\u00edas de devoluci\u00f3n.","breadcrumb":{"@id":"https:\/\/ivanwolf.com\/es\/producto\/poster-en-tamano-grande-de-autorretrato-exclusivo\/#breadcrumb"},"inLanguage":"es","potentialAction":[{"@type":"ReadAction","target":["https:\/\/ivanwolf.com\/es\/producto\/poster-en-tamano-grande-de-autorretrato-exclusivo\/"]}]},{"@type":"ImageObject","inLanguage":"es","@id":"https:\/\/ivanwolf.com\/es\/producto\/poster-en-tamano-grande-de-autorretrato-exclusivo\/#primaryimage","url":"https:\/\/ivanwolf.com\/wp-content\/uploads\/2025\/05\/Leonardo_Vision_XL_Crear_una_imagen_de_un_pster_grande_de_un_a_0.jpg","contentUrl":"https:\/\/ivanwolf.com\/wp-content\/uploads\/2025\/05\/Leonardo_Vision_XL_Crear_una_imagen_de_un_pster_grande_de_un_a_0.jpg","width":1792,"height":1456},{"@type":"BreadcrumbList","@id":"https:\/\/ivanwolf.com\/es\/producto\/poster-en-tamano-grande-de-autorretrato-exclusivo\/#breadcrumb","itemListElement":[{"@type":"ListItem","position":1,"name":"Portada","item":"https:\/\/ivanwolf.com\/es\/portfolio\/"},{"@type":"ListItem","position":2,"name":"Productos","item":"https:\/\/ivanwolf.com\/es\/shop\/"},{"@type":"ListItem","position":3,"name":"P\u00f3ster en tama\u00f1o grande de autorretrato exclusivo"}]},{"@type":"WebSite","@id":"https:\/\/ivanwolf.com\/es\/#website","url":"https:\/\/ivanwolf.com\/es\/","name":"Ivan Wolf","description":"","publisher":{"@id":"https:\/\/ivanwolf.com\/es\/#organization"},"potentialAction":[{"@type":"SearchAction","target":{"@type":"EntryPoint","urlTemplate":"https:\/\/ivanwolf.com\/es\/?s={search_term_string}"},"query-input":{"@type":"PropertyValueSpecification","valueRequired":true,"valueName":"search_term_string"}}],"inLanguage":"es"},{"@type":"Organization","@id":"https:\/\/ivanwolf.com\/es\/#organization","name":"Ivan Wolf","url":"https:\/\/ivanwolf.com\/es\/","logo":{"@type":"ImageObject","inLanguage":"es","@id":"https:\/\/ivanwolf.com\/es\/#\/schema\/logo\/image\/","url":"https:\/\/ivanwolf.com\/wp-content\/uploads\/2025\/05\/Leonardo_Phoenix_09_Diseo_de_logotipo_para_Ivan_Wolf_empresa_d_0.jpg","contentUrl":"https:\/\/ivanwolf.com\/wp-content\/uploads\/2025\/05\/Leonardo_Phoenix_09_Diseo_de_logotipo_para_Ivan_Wolf_empresa_d_0.jpg","width":768,"height":768,"caption":"Ivan Wolf"},"image":{"@id":"https:\/\/ivanwolf.com\/es\/#\/schema\/logo\/image\/"}}]}},"_links":{"self":[{"href":"https:\/\/ivanwolf.com\/es\/wp-json\/wp\/v2\/product\/418","targetHints":{"allow":["GET"]}}],"collection":[{"href":"https:\/\/ivanwolf.com\/es\/wp-json\/wp\/v2\/product"}],"about":[{"href":"https:\/\/ivanwolf.com\/es\/wp-json\/wp\/v2\/types\/product"}],"replies":[{"embeddable":true,"href":"https:\/\/ivanwolf.com\/es\/wp-json\/wp\/v2\/comments?post=418"}],"wp:featuredmedia":[{"embeddable":true,"href":"https:\/\/ivanwolf.com\/es\/wp-json\/wp\/v2\/media\/419"}],"wp:attachment":[{"href":"https:\/\/ivanwolf.com\/es\/wp-json\/wp\/v2\/media?parent=418"}],"wp:term":[{"taxonomy":"marca","embeddable":true,"href":"https:\/\/ivanwolf.com\/es\/wp-json\/wp\/v2\/marca?post=418"},{"taxonomy":"product_brand","embeddable":true,"href":"https:\/\/ivanwolf.com\/es\/wp-json\/wp\/v2\/product_brand?post=418"},{"taxonomy":"product_cat","embeddable":true,"href":"https:\/\/ivanwolf.com\/es\/wp-json\/wp\/v2\/product_cat?post=418"},{"taxonomy":"product_tag","embeddable":true,"href":"https:\/\/ivanwolf.com\/es\/wp-json\/wp\/v2\/product_tag?post=418"}],"curies":[{"name":"wp","href":"https:\/\/api.w.org\/{rel}","templated":true}]}}