{"id":427,"date":"2025-05-23T16:43:48","date_gmt":"2025-05-23T16:43:48","guid":{"rendered":"https:\/\/ivanwolf.com\/producto\/poster-autorretrato-artistico-en-gran-formato\/"},"modified":"2025-06-13T13:50:09","modified_gmt":"2025-06-13T13:50:09","slug":"poster-autorretrato-artistico-en-gran-formato","status":"publish","type":"product","link":"https:\/\/ivanwolf.com\/es\/producto\/poster-autorretrato-artistico-en-gran-formato\/","title":{"rendered":"P\u00f3ster Autorretrato Art\u00edstico en Gran Formato"},"content":{"rendered":"","protected":false},"excerpt":{"rendered":"<p>Impresi\u00f3n premium de autorretrato art\u00edstico en papel de alta calidad.<\/p>\n","protected":false},"featured_media":428,"comment_status":"open","ping_status":"closed","template":"","meta":{"_acf_changed":false,"iawp_total_views":0},"marca":[62,49],"product_brand":[],"product_cat":[48],"product_tag":[56,63,51],"class_list":{"0":"post-427","1":"product","2":"type-product","3":"status-publish","4":"has-post-thumbnail","6":"marca-fotografia-iw","7":"marca-ivan-wolf","8":"product_cat-posters","9":"product_tag-autorretrato","10":"product_tag-decoracion","11":"product_tag-fotografia","13":"first","14":"instock","15":"sale","16":"shipping-taxable","17":"purchasable","18":"product-type-simple"},"acf":[],"yoast_head":"<!-- This site is optimized with the Yoast SEO plugin v27.3 - https:\/\/yoast.com\/product\/yoast-seo-wordpress\/ -->\n<title>P\u00f3ster Autorretrato Art\u00edstico - Ivan Wolf<\/title>\n<meta name=\"description\" content=\"Descubre el p\u00f3ster autorretrato art\u00edstico en gran formato y calidad premium, ahora a un precio especial de 166,88 \u20ac. Ideal para decoraci\u00f3n y amantes del arte.\" \/>\n<meta name=\"robots\" content=\"index, follow, max-snippet:-1, max-image-preview:large, max-video-preview:-1\" \/>\n<link rel=\"canonical\" href=\"https:\/\/ivanwolf.com\/es\/producto\/poster-autorretrato-artistico-en-gran-formato\/\" \/>\n<meta property=\"og:locale\" content=\"es_ES\" \/>\n<meta property=\"og:type\" content=\"article\" \/>\n<meta property=\"og:title\" content=\"P\u00f3ster Autorretrato Art\u00edstico - Ivan Wolf\" \/>\n<meta property=\"og:description\" content=\"Descubre el p\u00f3ster autorretrato art\u00edstico en gran formato y calidad premium, ahora a un precio especial de 166,88 \u20ac. Ideal para decoraci\u00f3n y amantes del arte.\" \/>\n<meta property=\"og:url\" content=\"https:\/\/ivanwolf.com\/es\/producto\/poster-autorretrato-artistico-en-gran-formato\/\" \/>\n<meta property=\"og:site_name\" content=\"Ivan Wolf\" \/>\n<meta property=\"article:modified_time\" content=\"2025-06-13T13:50:09+00:00\" \/>\n<meta property=\"og:image\" content=\"https:\/\/ivanwolf.com\/wp-content\/uploads\/2025\/05\/Leonardo_Vision_XL_Crear_una_imagen_para_la_seccin_de_producto_0.jpg\" \/>\n\t<meta property=\"og:image:width\" content=\"1792\" \/>\n\t<meta property=\"og:image:height\" content=\"1456\" \/>\n\t<meta property=\"og:image:type\" content=\"image\/jpeg\" \/>\n<meta name=\"twitter:card\" content=\"summary_large_image\" \/>\n<!-- \/ Yoast SEO plugin. -->","yoast_head_json":{"title":"P\u00f3ster Autorretrato Art\u00edstico - Ivan Wolf","description":"Descubre el p\u00f3ster autorretrato art\u00edstico en gran formato y calidad premium, ahora a un precio especial de 166,88 \u20ac. Ideal para decoraci\u00f3n y amantes del arte.","robots":{"index":"index","follow":"follow","max-snippet":"max-snippet:-1","max-image-preview":"max-image-preview:large","max-video-preview":"max-video-preview:-1"},"canonical":"https:\/\/ivanwolf.com\/es\/producto\/poster-autorretrato-artistico-en-gran-formato\/","og_locale":"es_ES","og_type":"article","og_title":"P\u00f3ster Autorretrato Art\u00edstico - Ivan Wolf","og_description":"Descubre el p\u00f3ster autorretrato art\u00edstico en gran formato y calidad premium, ahora a un precio especial de 166,88 \u20ac. Ideal para decoraci\u00f3n y amantes del arte.","og_url":"https:\/\/ivanwolf.com\/es\/producto\/poster-autorretrato-artistico-en-gran-formato\/","og_site_name":"Ivan Wolf","article_modified_time":"2025-06-13T13:50:09+00:00","og_image":[{"width":1792,"height":1456,"url":"https:\/\/ivanwolf.com\/wp-content\/uploads\/2025\/05\/Leonardo_Vision_XL_Crear_una_imagen_para_la_seccin_de_producto_0.jpg","type":"image\/jpeg"}],"twitter_card":"summary_large_image","schema":{"@context":"https:\/\/schema.org","@graph":[{"@type":"WebPage","@id":"https:\/\/ivanwolf.com\/es\/producto\/poster-autorretrato-artistico-en-gran-formato\/","url":"https:\/\/ivanwolf.com\/es\/producto\/poster-autorretrato-artistico-en-gran-formato\/","name":"P\u00f3ster Autorretrato Art\u00edstico - Ivan Wolf","isPartOf":{"@id":"https:\/\/ivanwolf.com\/es\/#website"},"primaryImageOfPage":{"@id":"https:\/\/ivanwolf.com\/es\/producto\/poster-autorretrato-artistico-en-gran-formato\/#primaryimage"},"image":{"@id":"https:\/\/ivanwolf.com\/es\/producto\/poster-autorretrato-artistico-en-gran-formato\/#primaryimage"},"thumbnailUrl":"https:\/\/ivanwolf.com\/wp-content\/uploads\/2025\/05\/Leonardo_Vision_XL_Crear_una_imagen_para_la_seccin_de_producto_0.jpg","datePublished":"2025-05-23T16:43:48+00:00","dateModified":"2025-06-13T13:50:09+00:00","description":"Descubre el p\u00f3ster autorretrato art\u00edstico en gran formato y calidad premium, ahora a un precio especial de 166,88 \u20ac. Ideal para decoraci\u00f3n y amantes del arte.","breadcrumb":{"@id":"https:\/\/ivanwolf.com\/es\/producto\/poster-autorretrato-artistico-en-gran-formato\/#breadcrumb"},"inLanguage":"es","potentialAction":[{"@type":"ReadAction","target":["https:\/\/ivanwolf.com\/es\/producto\/poster-autorretrato-artistico-en-gran-formato\/"]}]},{"@type":"ImageObject","inLanguage":"es","@id":"https:\/\/ivanwolf.com\/es\/producto\/poster-autorretrato-artistico-en-gran-formato\/#primaryimage","url":"https:\/\/ivanwolf.com\/wp-content\/uploads\/2025\/05\/Leonardo_Vision_XL_Crear_una_imagen_para_la_seccin_de_producto_0.jpg","contentUrl":"https:\/\/ivanwolf.com\/wp-content\/uploads\/2025\/05\/Leonardo_Vision_XL_Crear_una_imagen_para_la_seccin_de_producto_0.jpg","width":1792,"height":1456},{"@type":"BreadcrumbList","@id":"https:\/\/ivanwolf.com\/es\/producto\/poster-autorretrato-artistico-en-gran-formato\/#breadcrumb","itemListElement":[{"@type":"ListItem","position":1,"name":"Portada","item":"https:\/\/ivanwolf.com\/es\/portfolio\/"},{"@type":"ListItem","position":2,"name":"Productos","item":"https:\/\/ivanwolf.com\/es\/shop\/"},{"@type":"ListItem","position":3,"name":"P\u00f3ster Autorretrato Art\u00edstico en Gran Formato"}]},{"@type":"WebSite","@id":"https:\/\/ivanwolf.com\/es\/#website","url":"https:\/\/ivanwolf.com\/es\/","name":"Ivan Wolf","description":"","publisher":{"@id":"https:\/\/ivanwolf.com\/es\/#organization"},"potentialAction":[{"@type":"SearchAction","target":{"@type":"EntryPoint","urlTemplate":"https:\/\/ivanwolf.com\/es\/?s={search_term_string}"},"query-input":{"@type":"PropertyValueSpecification","valueRequired":true,"valueName":"search_term_string"}}],"inLanguage":"es"},{"@type":"Organization","@id":"https:\/\/ivanwolf.com\/es\/#organization","name":"Ivan Wolf","url":"https:\/\/ivanwolf.com\/es\/","logo":{"@type":"ImageObject","inLanguage":"es","@id":"https:\/\/ivanwolf.com\/es\/#\/schema\/logo\/image\/","url":"https:\/\/ivanwolf.com\/wp-content\/uploads\/2025\/05\/Leonardo_Phoenix_09_Diseo_de_logotipo_para_Ivan_Wolf_empresa_d_0.jpg","contentUrl":"https:\/\/ivanwolf.com\/wp-content\/uploads\/2025\/05\/Leonardo_Phoenix_09_Diseo_de_logotipo_para_Ivan_Wolf_empresa_d_0.jpg","width":768,"height":768,"caption":"Ivan Wolf"},"image":{"@id":"https:\/\/ivanwolf.com\/es\/#\/schema\/logo\/image\/"}}]}},"_links":{"self":[{"href":"https:\/\/ivanwolf.com\/es\/wp-json\/wp\/v2\/product\/427","targetHints":{"allow":["GET"]}}],"collection":[{"href":"https:\/\/ivanwolf.com\/es\/wp-json\/wp\/v2\/product"}],"about":[{"href":"https:\/\/ivanwolf.com\/es\/wp-json\/wp\/v2\/types\/product"}],"replies":[{"embeddable":true,"href":"https:\/\/ivanwolf.com\/es\/wp-json\/wp\/v2\/comments?post=427"}],"wp:featuredmedia":[{"embeddable":true,"href":"https:\/\/ivanwolf.com\/es\/wp-json\/wp\/v2\/media\/428"}],"wp:attachment":[{"href":"https:\/\/ivanwolf.com\/es\/wp-json\/wp\/v2\/media?parent=427"}],"wp:term":[{"taxonomy":"marca","embeddable":true,"href":"https:\/\/ivanwolf.com\/es\/wp-json\/wp\/v2\/marca?post=427"},{"taxonomy":"product_brand","embeddable":true,"href":"https:\/\/ivanwolf.com\/es\/wp-json\/wp\/v2\/product_brand?post=427"},{"taxonomy":"product_cat","embeddable":true,"href":"https:\/\/ivanwolf.com\/es\/wp-json\/wp\/v2\/product_cat?post=427"},{"taxonomy":"product_tag","embeddable":true,"href":"https:\/\/ivanwolf.com\/es\/wp-json\/wp\/v2\/product_tag?post=427"}],"curies":[{"name":"wp","href":"https:\/\/api.w.org\/{rel}","templated":true}]}}